{"id":808,"date":"2025-07-14T14:52:12","date_gmt":"2025-07-14T12:52:12","guid":{"rendered":"https:\/\/julianeliebert.com\/?page_id=808"},"modified":"2025-07-16T12:31:13","modified_gmt":"2025-07-16T10:31:13","slug":"kritiken","status":"publish","type":"page","link":"https:\/\/julianeliebert.com\/?page_id=808","title":{"rendered":"kritiken"},"content":{"rendered":"\n<p>buchkritiken (auswahl): <\/p>\n\n\n\n<p><br><a href=\"https:\/\/www.zeit.de\/2019\/12\/das-haus-aus-stein-asli-erdogan\">asli erdogan: das haus aus stein<\/a>, 2019<br><a href=\"https:\/\/www.sueddeutsche.de\/kultur\/adam-gopnik-andy-warhol-1.5216816\">blake gopnik: warhol<\/a>, 2021<br><a href=\"https:\/\/www.zeit.de\/2019\/35\/das-schoene-schaebige-schwankende-brigitte-kronauer\">brigitte kronauer: das sch\u00f6ne, sch\u00e4bige, schwankende<\/a>, 2019<br><a href=\"https:\/\/www.sueddeutsche.de\/kultur\/brianna-west-101-essays-kritik-1.5665169\">brianna wiest: 101 essays<\/a>, 2022<br><a href=\"https:\/\/www.sueddeutsche.de\/kultur\/amerikanische-literatur-kritik-ohne-schmerz-1.4007514\">brit bennet: die m\u00fctter<\/a>, 2018<br><a href=\"https:\/\/www.sueddeutsche.de\/kultur\/britney-biografie-buch-the-woman-in-me-1.6292951\">britney spears: the woman in me<\/a>, 2023<br><a href=\"https:\/\/www.zeit.de\/2020\/48\/alle-hunde-sterben-cemile-sahin-gewalterfahrung-buchrezension\">cemile sahin: alle hunde sterben<\/a>, 2020<br><a href=\"https:\/\/www.sueddeutsche.de\/kultur\/belletristik-dick-ist-ein-vernuenftiger-kerl-1.3376671\">chris kraus: i love dick<\/a>, 2017<br><a href=\"https:\/\/www.zeit.de\/2019\/07\/clemens-j-setz-der-trost-runder-dinge-erzaehlungen-rezension\">clemens j. setz: der trost runder dinge<\/a>, 2019<br><a href=\"https:\/\/www.sueddeutsche.de\/kultur\/eckhart-nickel-punk-roman-literatur-popliteratur-christian-kracht-hermann-hesse-literaturpreis-lux.JpoftqcXpK1AWBoJ3szGey\">eckhart nickel: punk<\/a>, 2024<br><a href=\"https:\/\/www.sueddeutsche.de\/kultur\/chelsea-girls-kein-satz-ohne-drogen-1.4867373\">eileen myles: chelsea girls<\/a>, 2020<br><a href=\"https:\/\/www.zeit.de\/2019\/26\/gabriele-tergit-schriftstellerin-effingers-familienroman-buergertum\">gabriele tergit: effingers<\/a>, 2019<br><a href=\"https:\/\/www.sueddeutsche.de\/kultur\/gabriele-von-arnim-der-trost-der-schoenheit-rezension-1.6288978\">gabriele von arnim: der trost der sch\u00f6nheit<\/a>, 2023<br><a href=\"https:\/\/www.sueddeutsche.de\/kultur\/gaito-gasdanow-schwarze-schwaene-erzaehlungen-literatur-rezension-1.5368095\">gaito gasdanow: schwarze schw\u00e4ne<\/a>, 2021<br><a href=\"https:\/\/www.sueddeutsche.de\/kultur\/george-orwell-reise-durch-ruinen-literatur-reportagen-1.5488729\">george orwell: reise durch ruinen<\/a>, 2021<br><a href=\"https:\/\/www.sueddeutsche.de\/kultur\/koreanische-literatur-ein-herz-gross-wie-ein-apfelkern-1.3687828\">han kang: menschenwerk<\/a>, 2017<br><a href=\"https:\/\/www.sueddeutsche.de\/kultur\/hengameh-yaghoobifarah-ministerium-der-traeume-debuetroman-rezension-1.5202769\">hengameh yaghoobifarah: ministerium der tr\u00e4ume<\/a>, 2021<br><a href=\"https:\/\/www.zeit.de\/2019\/40\/brueder-jackie-thomae-roman\">jackie thomae: br\u00fcder<\/a>, 2019<br><a href=\"https:\/\/www.sueddeutsche.de\/kultur\/jane-birkin-munkey-diaries-rezension-1.4659139\">jane birkin: munkey diaries<\/a>, 2019<br><a href=\"https:\/\/www.sueddeutsche.de\/kultur\/jens-balzer-achtziger-high-energy-1.5338469\">jens balzer: high energy<\/a>, 2021<br><a href=\"https:\/\/www.zeit.de\/2021\/09\/trick-mirror-jia-tolentino-buch-essaysammlung-usa-rezension\">jia tolentino: trick mirror<\/a>, 2021<br><a href=\"https:\/\/www.sueddeutsche.de\/kultur\/jill-lepore-wonderwoman-1.5546379\">jill lepore: die geheime geschichte von wonder woman<\/a>, 2022<br><a href=\"https:\/\/www.sueddeutsche.de\/kultur\/john-burnside-so-etwas-wie-glueck-erzaehlungen-literatur-rezension-1.5689224\">john burnside: so etwas wie gl\u00fcck<\/a>, 2022<br><a href=\"https:\/\/www.sueddeutsche.de\/kultur\/amerikanische-literatur-revolutionaere-krabben-1.3757360\">john fante: der weg nach los angeles<\/a>, 2017<br><a href=\"https:\/\/www.zeit.de\/2020\/37\/nach-der-sonne-jonas-eika-buch\">jonas eika: nach der sonne<\/a>, 2020<br><a href=\"https:\/\/www.zeit.de\/2018\/53\/verzeichnis-einiger-verluste-judith-schalansky\">judith schalansky: verzeichnis einiger verluste<\/a>, 2018<br><a href=\"https:\/\/www.zeit.de\/2017\/48\/leere-herzen-juli-zeh-zukunft-rechtspopulismus-big-data\">juli zeh: leere herzen<\/a>, 2017<br><a href=\"https:\/\/www.sueddeutsche.de\/kultur\/katja-krasavice-bitch-bibel-biografie-1.4965479\">katja krasavice: die bitch bibel<\/a>, 2020<br><a href=\"https:\/\/www.zeit.de\/2024\/38\/unser-ole-katja-lange-mueller-roman-literatur-osten\">katja lange-m\u00fcller: unser ole<\/a>, 2024<br><a href=\"https:\/\/www.sueddeutsche.de\/kultur\/das-ist-alpha-von-kollegah-wir-sind-alle-lauch-1.4136049\">kollegah: das ist alpha!<\/a>, 2018<br><a href=\"https:\/\/www.sueddeutsche.de\/kultur\/lauren-groff-matrix-1.5705560\">lauren groff: matrix<\/a>, 2022<br><a href=\"https:\/\/www.zeit.de\/2022\/19\/duft-blumen-nacht-leila-slimani-frankreich\">leila slimani: der duft der blumen bei nacht<\/a>, 2022<br><a href=\"https:\/\/www.zeit.de\/2020\/03\/three-women-drei-frauen-lisa-taddeo\">lisa taddeo: drei frauen<\/a>, 2020<br><a href=\"https:\/\/www.zeit.de\/2021\/26\/tod-auf-raten-louis-ferdinand-celine\">louis-ferdinand celine: tod auf raten<\/a>, 2021<br><a href=\"https:\/\/www.sueddeutsche.de\/kultur\/margaret-atwood-gedichte-fuechsin-1.5110459\">margaret atwood: die f\u00fcchsin<\/a>, 2020<br><a href=\"https:\/\/www.sueddeutsche.de\/kultur\/breitscheidplatz-berlin-matthias-nawrat-1.4316571\">matthias nawrat: der traurige gast<\/a>, 2019<br><a href=\"https:\/\/www.sueddeutsche.de\/kultur\/mieko-kawakami-roman-brueste-eier-1.5009470\">mieko kawakami: br\u00fcste und eier<\/a>, 2020<br><a href=\"https:\/\/www.sueddeutsche.de\/kultur\/ocean-vuong-der-kaiser-der-freude-rezension-neues-buch-li.3243510\">ocean vuong: der kaiser der freude<\/a>, 2025<br><a href=\"https:\/\/www.sueddeutsche.de\/kultur\/oyinkan-braithwaite-das-baby-ist-meins-lagos-roman-rezension-literatur-1.5180386\">oyinkan braithwaite: das baby ist meins<\/a>, 2021<br><a href=\"https:\/\/www.sueddeutsche.de\/kultur\/quentin-tarantino-es-war-einmal-in-hollywood-roman-1.5345237\">quentin tarantino: es war einmal in hollywood<\/a>, 2021<br><a href=\"https:\/\/www.zeit.de\/2021\/39\/im-menschen-muss-alles-herrlich-sein-sasha-marianna-salzmann-roman\">sasha marianna salzmann: im menschen muss alles herrlich sein<\/a>, 2021<br><a href=\"https:\/\/www.sueddeutsche.de\/kultur\/tess-gunty-der-kaninchenstall-usa-gesellschaft-roman-kritik-1.6006363\">tess gunty: der kaninchenstall<\/a>, 2023<br><a href=\"https:\/\/www.zeit.de\/2024\/43\/alte-liebe-tezer-oezlu-roman-literatur\">tezer \u00f6zl\u00fc: suche nach den spuren eines selbstmordes<\/a>, 2024<br><a href=\"https:\/\/www.zeit.de\/2020\/30\/herzklappen-von-johnson-und-johnson-valerie-fritsch-roman\">valerie fritsch: herzklappen von johnson&amp;johnson<\/a>, 2020<br><a href=\"https:\/\/www.sueddeutsche.de\/kultur\/violette-leduc-therese-und-isabelle-roman-literatur-rezension-1.5337495\">violette leduc: th\u00e9r\u00e8se und isabelle<\/a>, 2021<br><a href=\"https:\/\/www.sueddeutsche.de\/kultur\/roman-selbstbild-mit-russischem-klavier-hat-hier-jemand-kitsch-gesagt-1.4105028\">wolf wondraschek: selbstbild mit russischem klavier<\/a>, 2018<br><a href=\"https:\/\/www.sueddeutsche.de\/kultur\/zadie-smith-freiheiten-rezension-1.4486406\">zadie smith: freiheiten<\/a>, 2019<\/p>\n\n\n\n<p>albumkritiken + filmkritiken folgen im august.<\/p>\n","protected":false},"excerpt":{"rendered":"<p>buchkritiken (auswahl): asli erdogan: das haus aus stein, 2019blake gopnik: warhol, 2021brigitte kronauer: das sch\u00f6ne, sch\u00e4bige, schwankende, 2019brianna wiest: 101 essays, 2022brit bennet: die m\u00fctter, 2018britney spears: the woman in me, 2023cemile sahin: alle hunde sterben, 2020chris kraus: i love dick, 2017clemens j. setz: der trost runder dinge, 2019eckhart nickel: punk, 2024eileen myles: chelsea girls, [&hellip;]<\/p>\n","protected":false},"author":2,"featured_media":0,"parent":0,"menu_order":0,"comment_status":"closed","ping_status":"closed","template":"","meta":{"ngg_post_thumbnail":0,"footnotes":""},"class_list":["post-808","page","type-page","status-publish","hentry"],"_links":{"self":[{"href":"https:\/\/julianeliebert.com\/index.php?rest_route=\/wp\/v2\/pages\/808","targetHints":{"allow":["GET"]}}],"collection":[{"href":"https:\/\/julianeliebert.com\/index.php?rest_route=\/wp\/v2\/pages"}],"about":[{"href":"https:\/\/julianeliebert.com\/index.php?rest_route=\/wp\/v2\/types\/page"}],"author":[{"embeddable":true,"href":"https:\/\/julianeliebert.com\/index.php?rest_route=\/wp\/v2\/users\/2"}],"replies":[{"embeddable":true,"href":"https:\/\/julianeliebert.com\/index.php?rest_route=%2Fwp%2Fv2%2Fcomments&post=808"}],"version-history":[{"count":19,"href":"https:\/\/julianeliebert.com\/index.php?rest_route=\/wp\/v2\/pages\/808\/revisions"}],"predecessor-version":[{"id":918,"href":"https:\/\/julianeliebert.com\/index.php?rest_route=\/wp\/v2\/pages\/808\/revisions\/918"}],"wp:attachment":[{"href":"https:\/\/julianeliebert.com\/index.php?rest_route=%2Fwp%2Fv2%2Fmedia&parent=808"}],"curies":[{"name":"wp","href":"https:\/\/api.w.org\/{rel}","templated":true}]}}