{"id":807,"date":"2025-07-14T14:52:12","date_gmt":"2025-07-14T12:52:12","guid":{"rendered":"https:\/\/julianeliebert.com\/?page_id=807"},"modified":"2025-07-16T12:32:24","modified_gmt":"2025-07-16T10:32:24","slug":"texte","status":"publish","type":"page","link":"https:\/\/julianeliebert.com\/?page_id=807","title":{"rendered":"essays etc"},"content":{"rendered":"\n<p>radioessays:<\/p>\n\n\n\n<p><a href=\"https:\/\/www.ardaudiothek.de\/episode\/urn:ard:episode:a68005778bdadc7d\/\">&#8220;mein mund bl\u00fcht wie ein schnitt&#8221; weibliches begehren in der lyrik und anderswo<\/a>, swr kultur 2024<br><a href=\"https:\/\/radiohoerer.info\/hurensoehne-ueber-die-schoenheit-und-notwendigkeit-des-schimpfens-von-juliane-liebert\/\" data-type=\"link\" data-id=\"https:\/\/radiohoerer.info\/hurensoehne-ueber-die-schoenheit-und-notwendigkeit-des-schimpfens-von-juliane-liebert\/\">hurens\u00f6hne! \u00fcber die sch\u00f6nheit und notwendigkeit des schimpfens<\/a>, swr kultur 2021<\/p>\n\n\n\n<p>katalogbeitr\u00e4ge:<\/p>\n\n\n\n<p>&#8216;<a href=\"https:\/\/www.petzel.com\/publications\/raphaela-vogel3\" data-type=\"link\" data-id=\"https:\/\/www.petzel.com\/publications\/raphaela-vogel3\">gewogen und f\u00fcr zu leicht befunden&#8217; in <em>raphaela vogel and the fist fuckers<\/em><\/a>, walter k\u00f6nig 2025<\/p>\n\n\n\n<p><a href=\"https:\/\/www.distanz.de\/natanja-von-stosch-und-juliet-kothe\/boobs-in-the-arts-fe-male-bodies-in-pictorial-history\">boobs in the art<\/a>, distanz verlag 2023<\/p>\n\n\n\n<p>achtung mode!<\/p>\n\n\n\n<p><a href=\"https:\/\/www.achtung-mode.com\/product\/wahnsinn-wannsee\/\">wahnsinn wannsee<\/a> achtung nr. 41, 2021<br><a href=\"https:\/\/www.achtung-mode.com\/achtung-nr-44\/\">beruhigt euch nicht!<\/a> achtung nr. 44, 2022<br><a href=\"https:\/\/www.achtung-mode.com\/achtung-nr-45\/\">neben saison<\/a> achtung nr. 45, 2023<\/p>\n\n\n\n<p>und mehr<\/p>\n\n\n\n<p><\/p>\n","protected":false},"excerpt":{"rendered":"<p>radioessays: &#8220;mein mund bl\u00fcht wie ein schnitt&#8221; weibliches begehren in der lyrik und anderswo, swr kultur 2024hurens\u00f6hne! \u00fcber die sch\u00f6nheit und notwendigkeit des schimpfens, swr kultur 2021 katalogbeitr\u00e4ge: &#8216;gewogen und f\u00fcr zu leicht befunden&#8217; in raphaela vogel and the fist fuckers, walter k\u00f6nig 2025 boobs in the art, distanz verlag 2023 achtung mode! wahnsinn wannsee [&hellip;]<\/p>\n","protected":false},"author":2,"featured_media":0,"parent":0,"menu_order":0,"comment_status":"closed","ping_status":"closed","template":"","meta":{"ngg_post_thumbnail":0,"footnotes":""},"class_list":["post-807","page","type-page","status-publish","hentry"],"_links":{"self":[{"href":"https:\/\/julianeliebert.com\/index.php?rest_route=\/wp\/v2\/pages\/807","targetHints":{"allow":["GET"]}}],"collection":[{"href":"https:\/\/julianeliebert.com\/index.php?rest_route=\/wp\/v2\/pages"}],"about":[{"href":"https:\/\/julianeliebert.com\/index.php?rest_route=\/wp\/v2\/types\/page"}],"author":[{"embeddable":true,"href":"https:\/\/julianeliebert.com\/index.php?rest_route=\/wp\/v2\/users\/2"}],"replies":[{"embeddable":true,"href":"https:\/\/julianeliebert.com\/index.php?rest_route=%2Fwp%2Fv2%2Fcomments&post=807"}],"version-history":[{"count":13,"href":"https:\/\/julianeliebert.com\/index.php?rest_route=\/wp\/v2\/pages\/807\/revisions"}],"predecessor-version":[{"id":919,"href":"https:\/\/julianeliebert.com\/index.php?rest_route=\/wp\/v2\/pages\/807\/revisions\/919"}],"wp:attachment":[{"href":"https:\/\/julianeliebert.com\/index.php?rest_route=%2Fwp%2Fv2%2Fmedia&parent=807"}],"curies":[{"name":"wp","href":"https:\/\/api.w.org\/{rel}","templated":true}]}}