{"id":805,"date":"2025-07-14T14:52:12","date_gmt":"2025-07-14T12:52:12","guid":{"rendered":"https:\/\/julianeliebert.com\/?page_id=805"},"modified":"2025-07-14T16:33:19","modified_gmt":"2025-07-14T14:33:19","slug":"buecher-2","status":"publish","type":"page","link":"https:\/\/julianeliebert.com\/?page_id=805","title":{"rendered":"b\u00fccher"},"content":{"rendered":"\n<p>m\u00f6rderballaden, suhrkamp 2025<br>lieder an das gro\u00dfe nichts, suhrkamp 2021<\/p>\n\n\n\n<p>hurens\u00f6hne: \u00fcber die sch\u00f6nheit und notwendigkeit des schimpfens, starfruit 2020<\/p>\n\n\n\n<p>schei\u00df auf das weltall, sukultur 2017<br>der k\u00f6rper ist ein billiger koffer, averse press 2016<br>wer braucht eine freundin, wenn er einen todesstrahl haben kann?, popup press 2013<\/p>\n\n\n\n<p><\/p>\n","protected":false},"excerpt":{"rendered":"<p>m\u00f6rderballaden, suhrkamp 2025lieder an das gro\u00dfe nichts, suhrkamp 2021 hurens\u00f6hne: \u00fcber die sch\u00f6nheit und notwendigkeit des schimpfens, starfruit 2020 schei\u00df auf das weltall, sukultur 2017der k\u00f6rper ist ein billiger koffer, averse press 2016wer braucht eine freundin, wenn er einen todesstrahl haben kann?, popup press 2013<\/p>\n","protected":false},"author":2,"featured_media":0,"parent":0,"menu_order":0,"comment_status":"closed","ping_status":"closed","template":"","meta":{"ngg_post_thumbnail":0,"footnotes":""},"class_list":["post-805","page","type-page","status-publish","hentry"],"_links":{"self":[{"href":"https:\/\/julianeliebert.com\/index.php?rest_route=\/wp\/v2\/pages\/805","targetHints":{"allow":["GET"]}}],"collection":[{"href":"https:\/\/julianeliebert.com\/index.php?rest_route=\/wp\/v2\/pages"}],"about":[{"href":"https:\/\/julianeliebert.com\/index.php?rest_route=\/wp\/v2\/types\/page"}],"author":[{"embeddable":true,"href":"https:\/\/julianeliebert.com\/index.php?rest_route=\/wp\/v2\/users\/2"}],"replies":[{"embeddable":true,"href":"https:\/\/julianeliebert.com\/index.php?rest_route=%2Fwp%2Fv2%2Fcomments&post=805"}],"version-history":[{"count":4,"href":"https:\/\/julianeliebert.com\/index.php?rest_route=\/wp\/v2\/pages\/805\/revisions"}],"predecessor-version":[{"id":842,"href":"https:\/\/julianeliebert.com\/index.php?rest_route=\/wp\/v2\/pages\/805\/revisions\/842"}],"wp:attachment":[{"href":"https:\/\/julianeliebert.com\/index.php?rest_route=%2Fwp%2Fv2%2Fmedia&parent=805"}],"curies":[{"name":"wp","href":"https:\/\/api.w.org\/{rel}","templated":true}]}}