{"id":781,"date":"2025-07-03T13:34:40","date_gmt":"2025-07-03T11:34:40","guid":{"rendered":"https:\/\/julianeliebert.com\/?page_id=781"},"modified":"2025-07-21T17:40:45","modified_gmt":"2025-07-21T15:40:45","slug":"impressum","status":"publish","type":"page","link":"https:\/\/julianeliebert.com\/?page_id=781","title":{"rendered":"impressum"},"content":{"rendered":"\n<p>angaben gem\u00e4\u00df \u00a7 5 tmg (telemediengesetz):<\/p>\n\n\n\n<p>name:<\/p>\n\n\n\n<p>juliane liebert<\/p>\n\n\n\n<p>adresse:<br>strollology gbr<br>r\u00fcsternstrasse 5<br>16348 wandlitz<br><\/p>\n\n\n\n<p>kontakt: lugdunam@gmail.com<\/p>\n\n\n\n<p><br><\/p>\n\n\n\n<p>Haftung f\u00fcr Inhalte<br>Die Inhalte dieser Webseite wurden mit gr\u00f6\u00dfter Sorgfalt erstellt. F\u00fcr die Richtigkeit, Vollst\u00e4ndigkeit und Aktualit\u00e4t der Inhalte kann ich jedoch keine Gew\u00e4hr \u00fcbernehmen.<\/p>\n\n\n\n<p>Haftung f\u00fcr Links<br>Diese Webseite enth\u00e4lt ggf. Links zu externen Webseiten Dritter. F\u00fcr deren Inhalte ist stets der jeweilige Anbieter oder Betreiber der Seiten verantwortlich.<\/p>\n\n\n\n<p>Urheberrecht<br>Die durch den Seitenbetreiber erstellten Inhalte und Werke auf dieser Webseite unterliegen dem deutschen Urheberrecht. Die Vervielf\u00e4ltigung, Bearbeitung oder Verbreitung ist nur mit schriftlicher Zustimmung des Autors gestattet.<\/p>\n","protected":false},"excerpt":{"rendered":"<p>angaben gem\u00e4\u00df \u00a7 5 tmg (telemediengesetz): name: juliane liebert adresse:strollology gbrr\u00fcsternstrasse 516348 wandlitz kontakt: lugdunam@gmail.com Haftung f\u00fcr InhalteDie Inhalte dieser Webseite wurden mit gr\u00f6\u00dfter Sorgfalt erstellt. F\u00fcr die Richtigkeit, Vollst\u00e4ndigkeit und Aktualit\u00e4t der Inhalte kann ich jedoch keine Gew\u00e4hr \u00fcbernehmen. Haftung f\u00fcr LinksDiese Webseite enth\u00e4lt ggf. Links zu externen Webseiten Dritter. F\u00fcr deren Inhalte ist [&hellip;]<\/p>\n","protected":false},"author":2,"featured_media":0,"parent":0,"menu_order":0,"comment_status":"closed","ping_status":"closed","template":"","meta":{"ngg_post_thumbnail":0,"footnotes":""},"class_list":["post-781","page","type-page","status-publish","hentry"],"_links":{"self":[{"href":"https:\/\/julianeliebert.com\/index.php?rest_route=\/wp\/v2\/pages\/781","targetHints":{"allow":["GET"]}}],"collection":[{"href":"https:\/\/julianeliebert.com\/index.php?rest_route=\/wp\/v2\/pages"}],"about":[{"href":"https:\/\/julianeliebert.com\/index.php?rest_route=\/wp\/v2\/types\/page"}],"author":[{"embeddable":true,"href":"https:\/\/julianeliebert.com\/index.php?rest_route=\/wp\/v2\/users\/2"}],"replies":[{"embeddable":true,"href":"https:\/\/julianeliebert.com\/index.php?rest_route=%2Fwp%2Fv2%2Fcomments&post=781"}],"version-history":[{"count":3,"href":"https:\/\/julianeliebert.com\/index.php?rest_route=\/wp\/v2\/pages\/781\/revisions"}],"predecessor-version":[{"id":927,"href":"https:\/\/julianeliebert.com\/index.php?rest_route=\/wp\/v2\/pages\/781\/revisions\/927"}],"wp:attachment":[{"href":"https:\/\/julianeliebert.com\/index.php?rest_route=%2Fwp%2Fv2%2Fmedia&parent=781"}],"curies":[{"name":"wp","href":"https:\/\/api.w.org\/{rel}","templated":true}]}}